{"id":10,"date":"2020-11-12T17:35:40","date_gmt":"2020-11-12T17:35:40","guid":{"rendered":"http:\/\/mpsc.ba\/?page_id=10"},"modified":"2020-11-25T08:27:03","modified_gmt":"2020-11-25T08:27:03","slug":"home","status":"publish","type":"page","link":"https:\/\/mpsc.ba\/","title":{"rendered":"Home"},"content":{"rendered":"\n\n\n\n\n\n\n\n\n\n\n\n\nO NAMA\n\n<p class=\"MsoNormal\" style=\"margin: 0cm 0cm 0.0001pt; color: rgb(34, 34, 34); line-height: normal; background-image: initial; background-position: initial; background-size: initial; background-repeat: initial; background-origin: initial; background-clip: initial; font-size: 11pt; font-family: Calibri, sans-serif;\"><span style=\"font-size: 12pt;\">MPSC production je video produkcija. Bavimo se re\u017eiranjem dokumentarnih filmova, kratkih igranih filmova, reporta\u017ea, pravljenjem reklama, 2D i 3D animacija i spotova, snimanjem razli\u010ditih doga\u0111aja, monta\u017eom video materijala, fotografisanjem&#8230;&nbsp;<\/span><\/p><p class=\"MsoNormal\" style=\"margin: 0cm 0cm 0.0001pt; color: rgb(34, 34, 34); line-height: normal; background-image: initial; background-position: initial; background-size: initial; background-repeat: initial; background-origin: initial; background-clip: initial; font-size: 11pt; font-family: Calibri, sans-serif;\"><span style=\"font-size: 12pt; color: rgb(68, 68, 68); background-image: initial; background-position: initial; background-size: initial; background-repeat: initial; background-origin: initial; background-clip: initial;\">Snimamo i uobli\u010dujemo u zanimljiva videa razli<\/span><span lang=\"BS-LATN-BA\" style=\"font-size: 12pt; color: rgb(68, 68, 68); background-image: initial; background-position: initial; background-size: initial; background-repeat: initial; background-origin: initial; background-clip: initial;\">\u010dita<\/span><span style=\"font-size: 12pt; color: rgb(68, 68, 68); background-image: initial; background-position: initial; background-size: initial; background-repeat: initial; background-origin: initial; background-clip: initial;\">&nbsp;doga\u0111anja, manifestacije, kongrese\u2026<\/span><span style=\"font-size: 12pt;\"><\/span><\/p><p class=\"MsoNormal\" style=\"margin: 0cm 0cm 0.0001pt; color: rgb(34, 34, 34); line-height: normal; background-image: initial; background-position: initial; background-size: initial; background-repeat: initial; background-origin: initial; background-clip: initial; font-size: 11pt; font-family: Calibri, sans-serif;\"><span style=\"font-size: 12pt; color: rgb(68, 68, 68); background-image: initial; background-position: initial; background-size: initial; background-repeat: initial; background-origin: initial; background-clip: initial;\">Nudimo profesionalni pristup i rad u proizvodnji video sadr\u017eaja.<\/span><\/p><p class=\"MsoNormal\" style=\"margin: 0cm 0cm 0.0001pt; color: rgb(34, 34, 34); line-height: normal; background-image: initial; background-position: initial; background-size: initial; background-repeat: initial; background-origin: initial; background-clip: initial; font-size: 11pt; font-family: Calibri, sans-serif;\"><span style=\"font-size: 12pt;\">Tim koji radi ima preko 25 godina iskustva rada u medijima. Sara\u0111ujemo sa mnogim kamermanima, montazerima, animatorima, fotografima&#8230; sa kojima smo zajedno radili na razlicitim i mnogobrojnim projektima.&nbsp;<\/span><\/p>\n\n\n\n\n<p>PONUDA<\/p>\n\n\n\n<p style=\"text-align: center;font-size: 14px\">Video produkcija &#8211; snimanje, re\u017eija, monta\u017ea filmova, reklama, spotova, doga\u0111aja, 2D i 3D animacija, manifestacija, kongresa&#8230;<\/p>\n\n\n<p><span>Re\u017eiranje dokumentarnih filmova, kratkih igranih filmova, reporta\u017ea, korporativnih filmova&#8230;<\/span><br><\/p>\n\n\n<p><span>Snimamo i uobli\u010dujemo u zanimljiva videa razli<\/span><span lang=\"BS-LATN-BA\">\u010dita<\/span><span>&nbsp;doga\u0111anja, manifestacije, kongrese\u2026<\/span><br><\/p>\n\n\n\n\n\n\n\n\nZA\u0160TO DA NAS ODABERETE\n\n<p class=\"MsoNormal\" style=\"text-align: center; margin: 0cm 0cm 0.0001pt; font-style: normal; font-variant-ligatures: normal; font-variant-caps: normal; font-size: 11pt; line-height: normal; font-family: Calibri, sans-serif; color: rgb(34, 34, 34); background-image: initial; background-position: initial; background-size: initial; background-repeat: initial; background-origin: initial; background-clip: initial;\"><span style=\"font-size: 12pt; color: rgb(68, 68, 68); background-image: initial; background-position: initial; background-size: initial; background-repeat: initial; background-origin: initial; background-clip: initial;\">Nudimo profesionalni pristup i rad u proizvodnji video sadr\u017eaja.<\/span><\/p><p class=\"MsoNormal\" style=\"text-align: center; margin: 0cm 0cm 0.0001pt; font-style: normal; font-variant-ligatures: normal; font-variant-caps: normal; font-size: 11pt; line-height: normal; font-family: Calibri, sans-serif; color: rgb(34, 34, 34); background-image: initial; background-position: initial; background-size: initial; background-repeat: initial; background-origin: initial; background-clip: initial;\"><span style=\"font-size: 12pt;\">Tim koji radi ima preko 25 godina iskustva rada u medijima. Sara\u0111ujemo sa mnogim kamermanima, monta\u017eerima, animatorima, fotografima&#8230; sa kojima smo zajedno radili na razlicitim i mnogobrojnim projektima.&nbsp;<\/span><\/p>\n\n\n\n\n\n\nProfesionalan tim koji je radio na najzahtjevnijim projektima koji su osvajali nagrade i postigli velike uspjehe na tr\u017ei\u0161tu.\n\n\nSara\u0111ujemo sa mnogim kamermanima, monta\u017eerima, animatorima, fotografima&#8230; sa kojima smo zajedno radili na razli\u010ditim i mnogobrojnim projektima.\n\n\nTim koji radi ima preko 25 godina iskustva rada u medijima.&nbsp;\n\n\n<span>Za potrebe kompleksnijih snimanja unajmljujemo ostalu potrebnu opremu, &nbsp;kompaniju za rasvjetu sa agregatom, kamermane, tonske snimatelje, far majstore, scenariste, monta\u017eere, animatore, fotografe, make up \u2013&nbsp;<\/span><span lang=\"BS-LATN-BA\">\u0161<\/span><span>minkere, scenografe, kostimografe\u2026<\/span>\n\n\n\n\n\u0160TA DRUGI KA\u017dU O NAMA\n\n\n\n<p style=\"text-align: left;font-size: 14px\">Mirza mi je radio film za moju kompaniju, preodu\u0161evljena sam. Jednostavno je prema\u0161io na\u0161a o\u010dekivanja.&nbsp;<\/p>\n\n\n<p style=\"text-align: left;font-size: 14px\">Excepteur sint occaecat cupidatat non proident, suntin culpa qui officia deserunt mollit animid est laborum.&nbsp;<\/p>\n\n\n<p style=\"text-align: left;font-size: 14px\">Excepteur sint occaecat cupidatat non proident, suntin culpa qui officia deserunt mollit animid est laborum.<\/p>\n\n\n\n\n","protected":false},"excerpt":{"rendered":"","protected":false},"author":0,"featured_media":0,"parent":0,"menu_order":0,"comment_status":"closed","ping_status":"closed","template":"","meta":[],"_links":{"self":[{"href":"https:\/\/mpsc.ba\/index.php?rest_route=\/wp\/v2\/pages\/10"}],"collection":[{"href":"https:\/\/mpsc.ba\/index.php?rest_route=\/wp\/v2\/pages"}],"about":[{"href":"https:\/\/mpsc.ba\/index.php?rest_route=\/wp\/v2\/types\/page"}],"replies":[{"embeddable":true,"href":"https:\/\/mpsc.ba\/index.php?rest_route=%2Fwp%2Fv2%2Fcomments&post=10"}],"version-history":[{"count":4,"href":"https:\/\/mpsc.ba\/index.php?rest_route=\/wp\/v2\/pages\/10\/revisions"}],"predecessor-version":[{"id":45,"href":"https:\/\/mpsc.ba\/index.php?rest_route=\/wp\/v2\/pages\/10\/revisions\/45"}],"wp:attachment":[{"href":"https:\/\/mpsc.ba\/index.php?rest_route=%2Fwp%2Fv2%2Fmedia&parent=10"}],"curies":[{"name":"wp","href":"https:\/\/api.w.org\/{rel}","templated":true}]}}